{"id":595,"date":"2021-02-25T05:27:08","date_gmt":"2021-02-25T05:27:08","guid":{"rendered":"http:\/\/fahrschule-schaefer-schluechtern.de\/?page_id=595"},"modified":"2021-02-25T05:27:08","modified_gmt":"2021-02-25T05:27:08","slug":"ramona","status":"publish","type":"page","link":"http:\/\/fahrschule-schaefer-schluechtern.de\/?page_id=595","title":{"rendered":"Ramona"},"content":{"rendered":"<p><a href=\"http:\/\/fahrschule-schaefer-schluechtern.de\/wp-content\/uploads\/2021\/02\/FB_IMG_1614229739976.jpg\"><img loading=\"lazy\" class=\"aligncenter size-full wp-image-593\" src=\"http:\/\/fahrschule-schaefer-schluechtern.de\/wp-content\/uploads\/2021\/02\/FB_IMG_1614229739976.jpg\" alt=\"\" width=\"1080\" height=\"560\" srcset=\"http:\/\/fahrschule-schaefer-schluechtern.de\/wp-content\/uploads\/2021\/02\/FB_IMG_1614229739976.jpg 1080w, http:\/\/fahrschule-schaefer-schluechtern.de\/wp-content\/uploads\/2021\/02\/FB_IMG_1614229739976-300x156.jpg 300w, http:\/\/fahrschule-schaefer-schluechtern.de\/wp-content\/uploads\/2021\/02\/FB_IMG_1614229739976-768x398.jpg 768w, http:\/\/fahrschule-schaefer-schluechtern.de\/wp-content\/uploads\/2021\/02\/FB_IMG_1614229739976-1024x531.jpg 1024w\" sizes=\"(max-width: 767px) 89vw, (max-width: 1000px) 54vw, (max-width: 1071px) 543px, 580px\" \/><\/a><\/p>\n<p><strong>Ramona ist f\u00fcr Dich da.<\/strong><\/p>\n<p>Amazon hat Alexa &#8211; wir haben Ramona.<\/p>\n<p>Sie ist t\u00e4glich f\u00fcr Dich im B\u00fcro, begleitet Dich zu Pr\u00fcfungen, beantwortet Deine Fragen &amp; betreut Dich beim Lernen &#8211; wenn Du es m\u00f6chtest<\/p>\n<p>&nbsp;<\/p>\n","protected":false},"excerpt":{"rendered":"<p>Ramona ist f\u00fcr Dich da. Amazon hat Alexa &#8211; wir haben Ramona. Sie ist t\u00e4glich f\u00fcr Dich im B\u00fcro, begleitet Dich zu Pr\u00fcfungen, beantwortet Deine Fragen &amp; betreut Dich beim Lernen &#8211; wenn Du es m\u00f6chtest &nbsp;<\/p>\n","protected":false},"author":1,"featured_media":0,"parent":0,"menu_order":0,"comment_status":"closed","ping_status":"closed","template":"","meta":[],"_links":{"self":[{"href":"http:\/\/fahrschule-schaefer-schluechtern.de\/index.php?rest_route=\/wp\/v2\/pages\/595"}],"collection":[{"href":"http:\/\/fahrschule-schaefer-schluechtern.de\/index.php?rest_route=\/wp\/v2\/pages"}],"about":[{"href":"http:\/\/fahrschule-schaefer-schluechtern.de\/index.php?rest_route=\/wp\/v2\/types\/page"}],"author":[{"embeddable":true,"href":"http:\/\/fahrschule-schaefer-schluechtern.de\/index.php?rest_route=\/wp\/v2\/users\/1"}],"replies":[{"embeddable":true,"href":"http:\/\/fahrschule-schaefer-schluechtern.de\/index.php?rest_route=%2Fwp%2Fv2%2Fcomments&post=595"}],"version-history":[{"count":2,"href":"http:\/\/fahrschule-schaefer-schluechtern.de\/index.php?rest_route=\/wp\/v2\/pages\/595\/revisions"}],"predecessor-version":[{"id":598,"href":"http:\/\/fahrschule-schaefer-schluechtern.de\/index.php?rest_route=\/wp\/v2\/pages\/595\/revisions\/598"}],"wp:attachment":[{"href":"http:\/\/fahrschule-schaefer-schluechtern.de\/index.php?rest_route=%2Fwp%2Fv2%2Fmedia&parent=595"}],"curies":[{"name":"wp","href":"https:\/\/api.w.org\/{rel}","templated":true}]}}