{"id":317,"date":"2017-08-31T23:39:15","date_gmt":"2017-08-31T23:39:15","guid":{"rendered":"http:\/\/fahrschule-schaefer-schluechtern.de\/?page_id=317"},"modified":"2017-09-30T14:05:03","modified_gmt":"2017-09-30T14:05:03","slug":"bike-to-bike-ausbildung","status":"publish","type":"page","link":"http:\/\/fahrschule-schaefer-schluechtern.de\/?page_id=317","title":{"rendered":"Bike to Bike Ausbildung"},"content":{"rendered":"<p><strong>Du hast Interesse an der Freiheit auf zwei R\u00e4dern?<\/strong><br \/>\n&#8230; Dann bist Du bei uns genau richtig!<\/p>\n<p>Die praktische Ausbildung in Zweiradklassen findet bei uns nach M\u00f6glichkeit Bike2Bike statt. Das bedeutet, dass der Fahrlerer w\u00e4hrend den Fahrstunden selbst auf dem Begleitmotorrad sitzt und Dich via Intercom anleitet.<br \/>\nDadurch hat der Fahrlehrer die M\u00f6glichkeit, Fahrlinien &amp; Grundfahraufgaben vorzufahren. Ein Bild sagt ja bekanntlich mehr als tausend Worte.<\/p>\n<p>Mit einer der ersten Dinge, in die Tim zur Gr\u00fcndung der Fahrschule investierte, war ein gut funktionierendes Intercom. Er ist der \u00dcberzeugung, dass die Effektivit\u00e4t einer Fahrstunde rapide steigt, wenn der Fahrlehrer nicht nur aus dem Auto heraus Anweisungen gibt, sondern gewisse \u00dcbungen auch demonstrieren kann.<br \/>\nDie Bike to Bike Ausbildung liegt ihm sehr am Herzen &#8211; wenn die Zeit bleibt, selbst in die Motorradkombi zu steigen, wird er Dich auf dem Motorrad begleiten.<\/p>\n<p><del><img loading=\"lazy\" class=\"aligncenter size-large wp-image-336\" src=\"http:\/\/fahrschule-schaefer-schluechtern.de\/wp-content\/uploads\/2017\/09\/IMG_20170923_200114_625-819x1024.jpg\" alt=\"\" width=\"525\" height=\"656\" srcset=\"http:\/\/fahrschule-schaefer-schluechtern.de\/wp-content\/uploads\/2017\/09\/IMG_20170923_200114_625-819x1024.jpg 819w, http:\/\/fahrschule-schaefer-schluechtern.de\/wp-content\/uploads\/2017\/09\/IMG_20170923_200114_625-240x300.jpg 240w, http:\/\/fahrschule-schaefer-schluechtern.de\/wp-content\/uploads\/2017\/09\/IMG_20170923_200114_625-768x960.jpg 768w, http:\/\/fahrschule-schaefer-schluechtern.de\/wp-content\/uploads\/2017\/09\/IMG_20170923_200114_625.jpg 960w\" sizes=\"(max-width: 525px) 100vw, 525px\" \/><\/del><\/p>\n","protected":false},"excerpt":{"rendered":"<p>Du hast Interesse an der Freiheit auf zwei R\u00e4dern? &#8230; Dann bist Du bei uns genau richtig! Die praktische Ausbildung in Zweiradklassen findet bei uns nach M\u00f6glichkeit Bike2Bike statt. Das bedeutet, dass der Fahrlerer w\u00e4hrend den Fahrstunden selbst auf dem Begleitmotorrad sitzt und Dich via Intercom anleitet. Dadurch hat der Fahrlehrer die M\u00f6glichkeit, Fahrlinien &amp; &hellip; <\/p>\n<p class=\"link-more\"><a href=\"http:\/\/fahrschule-schaefer-schluechtern.de\/?page_id=317\" class=\"more-link\"><span class=\"screen-reader-text\">&#8222;Bike to Bike Ausbildung&#8220;<\/span> weiterlesen<\/a><\/p>\n","protected":false},"author":1,"featured_media":0,"parent":0,"menu_order":0,"comment_status":"closed","ping_status":"closed","template":"","meta":[],"_links":{"self":[{"href":"http:\/\/fahrschule-schaefer-schluechtern.de\/index.php?rest_route=\/wp\/v2\/pages\/317"}],"collection":[{"href":"http:\/\/fahrschule-schaefer-schluechtern.de\/index.php?rest_route=\/wp\/v2\/pages"}],"about":[{"href":"http:\/\/fahrschule-schaefer-schluechtern.de\/index.php?rest_route=\/wp\/v2\/types\/page"}],"author":[{"embeddable":true,"href":"http:\/\/fahrschule-schaefer-schluechtern.de\/index.php?rest_route=\/wp\/v2\/users\/1"}],"replies":[{"embeddable":true,"href":"http:\/\/fahrschule-schaefer-schluechtern.de\/index.php?rest_route=%2Fwp%2Fv2%2Fcomments&post=317"}],"version-history":[{"count":4,"href":"http:\/\/fahrschule-schaefer-schluechtern.de\/index.php?rest_route=\/wp\/v2\/pages\/317\/revisions"}],"predecessor-version":[{"id":338,"href":"http:\/\/fahrschule-schaefer-schluechtern.de\/index.php?rest_route=\/wp\/v2\/pages\/317\/revisions\/338"}],"wp:attachment":[{"href":"http:\/\/fahrschule-schaefer-schluechtern.de\/index.php?rest_route=%2Fwp%2Fv2%2Fmedia&parent=317"}],"curies":[{"name":"wp","href":"https:\/\/api.w.org\/{rel}","templated":true}]}}