{"id":232,"date":"2017-08-24T21:07:18","date_gmt":"2017-08-24T21:07:18","guid":{"rendered":"http:\/\/fahrschule-schaefer-schluechtern.de\/?page_id=232"},"modified":"2025-12-03T12:27:59","modified_gmt":"2025-12-03T12:27:59","slug":"ueber-uns","status":"publish","type":"page","link":"http:\/\/fahrschule-schaefer-schluechtern.de\/?page_id=232","title":{"rendered":"\u00dcber uns"},"content":{"rendered":"\n<p>Super, dass Du Dich f\u00fcr uns interessierst!<br>Hier erf\u00e4hrst Du Informationen \u00fcber das Team, die R\u00e4umlichkeiten &amp; die Fahrzeuge.<\/p>\n\n\n\n<p><a href=\"http:\/\/fahrschule-schaefer-schluechtern.de\/?page_id=294\">Tim<\/a><br><a href=\"http:\/\/fahrschule-schaefer-schluechtern.de\/?page_id=416\">Jens<\/a><br><a href=\"http:\/\/fahrschule-schaefer-schluechtern.de\/?page_id=595\">Ramona<\/a><br><a href=\"http:\/\/fahrschule-schaefer-schluechtern.de\/?page_id=719\">Berat<\/a><br><a href=\"http:\/\/fahrschule-schaefer-schluechtern.de\/?page_id=651\">Michelle<\/a><br><a href=\"http:\/\/fahrschule-schaefer-schluechtern.de\/?page_id=822\">Tobi<\/a><br><a href=\"http:\/\/fahrschule-schaefer-schluechtern.de\/?page_id=871\">Andi<\/a><br>Volki<br><\/p>\n\n\n\n<p><a href=\"http:\/\/fahrschule-schaefer-schluechtern.de\/?page_id=317&amp;preview=true\">Bike to Bike Ausbildung<\/a><br><a href=\"http:\/\/fahrschule-schaefer-schluechtern.de\/?page_id=297\">Die R\u00e4umlichkeiten der Fahrschule<\/a><\/p>\n\n\n\n<p>Klick Dich einfach durch.<\/p>\n\n\n\n<div class=\"wp-block-image\"><figure class=\"aligncenter\"><a href=\"http:\/\/fahrschule-schaefer-schluechtern.de\/wp-content\/uploads\/2021\/01\/Beachready.jpg\"><img loading=\"lazy\" width=\"960\" height=\"641\" src=\"http:\/\/fahrschule-schaefer-schluechtern.de\/wp-content\/uploads\/2021\/01\/Beachready.jpg\" alt=\"\" class=\"wp-image-574\" srcset=\"http:\/\/fahrschule-schaefer-schluechtern.de\/wp-content\/uploads\/2021\/01\/Beachready.jpg 960w, http:\/\/fahrschule-schaefer-schluechtern.de\/wp-content\/uploads\/2021\/01\/Beachready-300x200.jpg 300w, http:\/\/fahrschule-schaefer-schluechtern.de\/wp-content\/uploads\/2021\/01\/Beachready-768x513.jpg 768w\" sizes=\"(max-width: 767px) 89vw, (max-width: 1000px) 54vw, (max-width: 1071px) 543px, 580px\" \/><\/a><\/figure><\/div>\n","protected":false},"excerpt":{"rendered":"<p>Super, dass Du Dich f\u00fcr uns interessierst!Hier erf\u00e4hrst Du Informationen \u00fcber das Team, die R\u00e4umlichkeiten &amp; die Fahrzeuge. TimJensRamonaBeratMichelleTobiAndiVolki Bike to Bike AusbildungDie R\u00e4umlichkeiten der Fahrschule Klick Dich einfach durch.<\/p>\n","protected":false},"author":1,"featured_media":0,"parent":0,"menu_order":0,"comment_status":"closed","ping_status":"closed","template":"","meta":[],"_links":{"self":[{"href":"http:\/\/fahrschule-schaefer-schluechtern.de\/index.php?rest_route=\/wp\/v2\/pages\/232"}],"collection":[{"href":"http:\/\/fahrschule-schaefer-schluechtern.de\/index.php?rest_route=\/wp\/v2\/pages"}],"about":[{"href":"http:\/\/fahrschule-schaefer-schluechtern.de\/index.php?rest_route=\/wp\/v2\/types\/page"}],"author":[{"embeddable":true,"href":"http:\/\/fahrschule-schaefer-schluechtern.de\/index.php?rest_route=\/wp\/v2\/users\/1"}],"replies":[{"embeddable":true,"href":"http:\/\/fahrschule-schaefer-schluechtern.de\/index.php?rest_route=%2Fwp%2Fv2%2Fcomments&post=232"}],"version-history":[{"count":36,"href":"http:\/\/fahrschule-schaefer-schluechtern.de\/index.php?rest_route=\/wp\/v2\/pages\/232\/revisions"}],"predecessor-version":[{"id":888,"href":"http:\/\/fahrschule-schaefer-schluechtern.de\/index.php?rest_route=\/wp\/v2\/pages\/232\/revisions\/888"}],"wp:attachment":[{"href":"http:\/\/fahrschule-schaefer-schluechtern.de\/index.php?rest_route=%2Fwp%2Fv2%2Fmedia&parent=232"}],"curies":[{"name":"wp","href":"https:\/\/api.w.org\/{rel}","templated":true}]}}