{"id":14,"date":"2017-07-28T10:32:49","date_gmt":"2017-07-28T10:32:49","guid":{"rendered":"http:\/\/fahrschule-schaefer-schluechtern.de\/?page_id=14"},"modified":"2024-12-23T21:25:26","modified_gmt":"2024-12-23T21:25:26","slug":"termine","status":"publish","type":"page","link":"http:\/\/fahrschule-schaefer-schluechtern.de\/?page_id=14","title":{"rendered":"Termine"},"content":{"rendered":"\n<p>Hey, sch\u00f6n dass Du hier bist.<\/p>\n\n\n\n<p><strong>#FSTSSchl\u00fcchtern: <\/strong>Wir bieten dir jeden Monat einen Workshop in Schl\u00fcchtern. Schreib&#8216; uns einfach, komm&#8216; vorbei oder ruf&#8216; uns an. Wir finden den passenden Workshop f\u00fcr Dich.<\/p>\n\n\n\n<p>#FSTSSteinau: <strong>#FSTSSinntal: <\/strong>In Steinau bieten wir Dir 2 Lektionen die Woche &#8211; immer Mittwochs 18-21 Uhr.<\/p>\n\n\n\n<p><strong>#FSTSSinntal: <\/strong>In Sterbfritz bieten wir Dir 2 Lektionen die Woche &#8211; immer Donnerstag 18-21 Uhr.<\/p>\n\n\n\n<p><\/p>\n\n\n\n<p>Ramona hilft Dir gerne, Dich zurecht zu finden.<br>Schreib ihr einfach eine Whatsapp an 0160 99600784 oder ruf sie unter 06661 9168886 an.<\/p>\n\n\n\n<p><strong>Die Fahrschule Tim Schaefer arbeitet mit einem modernen Ausbildungssystem.<br><\/strong><br>Theoretischer Unterricht mit p\u00e4dagogisch sinnvollem Aufbau in nicht zu gro\u00dfen Gruppen. Dauer jeweils 7 Tage &#8211; in dieser Zeit k\u00f6nnen die Fahrsch\u00fclerInnen den kompletten Theorieunterricht f\u00fcr B absolvieren.<\/p>\n\n\n\n<p>Wenn Dir der Workshop in Schl\u00fcchtern zeitlich nicht passt, bieten wir Dir auch an, 2 Lektionen w\u00f6chentlich in #FSTSSinntal zu besuchen.<\/p>\n\n\n\n<p><a href=\"http:\/\/fahrschule-schaefer-schluechtern.de\/?page_id=145\">Mehr \u00fcber unser Workshop Konzept.<\/a><\/p>\n\n\n\n<div class=\"wp-block-image is-style-default\"><figure class=\"aligncenter\"><a href=\"http:\/\/fahrschule-schaefer-schluechtern.de\/wp-content\/uploads\/2021\/10\/FSTSservice.jpg\"><img loading=\"lazy\" width=\"1440\" height=\"809\" src=\"http:\/\/fahrschule-schaefer-schluechtern.de\/wp-content\/uploads\/2021\/10\/FSTSservice.jpg\" alt=\"\" class=\"wp-image-674\" srcset=\"http:\/\/fahrschule-schaefer-schluechtern.de\/wp-content\/uploads\/2021\/10\/FSTSservice.jpg 1440w, http:\/\/fahrschule-schaefer-schluechtern.de\/wp-content\/uploads\/2021\/10\/FSTSservice-300x169.jpg 300w, http:\/\/fahrschule-schaefer-schluechtern.de\/wp-content\/uploads\/2021\/10\/FSTSservice-768x431.jpg 768w, http:\/\/fahrschule-schaefer-schluechtern.de\/wp-content\/uploads\/2021\/10\/FSTSservice-1024x575.jpg 1024w\" sizes=\"(max-width: 767px) 89vw, (max-width: 1000px) 54vw, (max-width: 1071px) 543px, 580px\" \/><\/a><\/figure><\/div>\n","protected":false},"excerpt":{"rendered":"<p>Hey, sch\u00f6n dass Du hier bist. #FSTSSchl\u00fcchtern: Wir bieten dir jeden Monat einen Workshop in Schl\u00fcchtern. Schreib&#8216; uns einfach, komm&#8216; vorbei oder ruf&#8216; uns an. Wir finden den passenden Workshop f\u00fcr Dich. #FSTSSteinau: #FSTSSinntal: In Steinau bieten wir Dir 2 Lektionen die Woche &#8211; immer Mittwochs 18-21 Uhr. #FSTSSinntal: In Sterbfritz bieten wir Dir 2 &hellip; <\/p>\n<p class=\"link-more\"><a href=\"http:\/\/fahrschule-schaefer-schluechtern.de\/?page_id=14\" class=\"more-link\"><span class=\"screen-reader-text\">&#8222;Termine&#8220;<\/span> weiterlesen<\/a><\/p>\n","protected":false},"author":1,"featured_media":0,"parent":0,"menu_order":0,"comment_status":"closed","ping_status":"closed","template":"","meta":[],"_links":{"self":[{"href":"http:\/\/fahrschule-schaefer-schluechtern.de\/index.php?rest_route=\/wp\/v2\/pages\/14"}],"collection":[{"href":"http:\/\/fahrschule-schaefer-schluechtern.de\/index.php?rest_route=\/wp\/v2\/pages"}],"about":[{"href":"http:\/\/fahrschule-schaefer-schluechtern.de\/index.php?rest_route=\/wp\/v2\/types\/page"}],"author":[{"embeddable":true,"href":"http:\/\/fahrschule-schaefer-schluechtern.de\/index.php?rest_route=\/wp\/v2\/users\/1"}],"replies":[{"embeddable":true,"href":"http:\/\/fahrschule-schaefer-schluechtern.de\/index.php?rest_route=%2Fwp%2Fv2%2Fcomments&post=14"}],"version-history":[{"count":63,"href":"http:\/\/fahrschule-schaefer-schluechtern.de\/index.php?rest_route=\/wp\/v2\/pages\/14\/revisions"}],"predecessor-version":[{"id":859,"href":"http:\/\/fahrschule-schaefer-schluechtern.de\/index.php?rest_route=\/wp\/v2\/pages\/14\/revisions\/859"}],"wp:attachment":[{"href":"http:\/\/fahrschule-schaefer-schluechtern.de\/index.php?rest_route=%2Fwp%2Fv2%2Fmedia&parent=14"}],"curies":[{"name":"wp","href":"https:\/\/api.w.org\/{rel}","templated":true}]}}